{"id":1280,"date":"2024-10-22T11:26:35","date_gmt":"2024-10-22T11:26:35","guid":{"rendered":"https:\/\/www.kuebler-heavy-rail.com\/?page_id=1280"},"modified":"2024-10-24T12:39:38","modified_gmt":"2024-10-24T12:39:38","slug":"downloads","status":"publish","type":"page","link":"https:\/\/www.kuebler-heavy-rail.com\/?page_id=1280","title":{"rendered":"Downloads"},"content":{"rendered":"\n<figure class=\"wp-block-image aligncenter size-large\"><img loading=\"lazy\" decoding=\"async\" width=\"1024\" height=\"284\" src=\"https:\/\/www.kuebler-heavy-rail.com\/wp-content\/uploads\/2024\/10\/Titel-044-Downloads-1-1024x284.jpg\" alt=\"\" class=\"wp-image-1281\" srcset=\"https:\/\/www.kuebler-heavy-rail.com\/wp-content\/uploads\/2024\/10\/Titel-044-Downloads-1-1024x284.jpg 1024w, https:\/\/www.kuebler-heavy-rail.com\/wp-content\/uploads\/2024\/10\/Titel-044-Downloads-1-300x83.jpg 300w, https:\/\/www.kuebler-heavy-rail.com\/wp-content\/uploads\/2024\/10\/Titel-044-Downloads-1-768x213.jpg 768w, https:\/\/www.kuebler-heavy-rail.com\/wp-content\/uploads\/2024\/10\/Titel-044-Downloads-1-1536x426.jpg 1536w, https:\/\/www.kuebler-heavy-rail.com\/wp-content\/uploads\/2024\/10\/Titel-044-Downloads-1-2048x569.jpg 2048w\" sizes=\"(max-width: 1024px) 100vw, 1024px\" \/><\/figure>\n\n\n\n<p>Hier finden Sie alle wichtigen Dokumente, Formulare und Verzeichnisse zum Download. Klicken Sie einfach auf den gew\u00fcnschten Link, um die Datei herunterzuladen. Sollte Ihnen ein bestimmtes Dokument fehlen, kontaktieren Sie uns gerne.<\/p>\n\n\n\n<p>Alle Dateien stehen Ihnen im PDF-Format zur Verf\u00fcgung.<\/p>\n\n\n\n<p><strong>Verf\u00fcgbare Downloads:<\/strong><\/p>\n\n\n\n<div class=\"wp-block-file\"><a id=\"wp-block-file--media-50eaca01-7f35-4d4c-8b1b-8a1a5a6820fa\" href=\"https:\/\/www.kuebler-heavy-rail.com\/wp-content\/uploads\/2024\/10\/Prospekt-2024.pdf\" target=\"_blank\" rel=\"noreferrer noopener\">Prospekt<\/a><a href=\"https:\/\/www.kuebler-heavy-rail.com\/wp-content\/uploads\/2024\/10\/Prospekt-2024.pdf\" class=\"wp-block-file__button wp-element-button\" download aria-describedby=\"wp-block-file--media-50eaca01-7f35-4d4c-8b1b-8a1a5a6820fa\">Herunterladen<\/a><\/div>\n\n\n\n<div class=\"wp-block-file\"><a id=\"wp-block-file--media-2cb2cc0c-896d-476b-8c19-098a6f0da748\" href=\"https:\/\/www.kuebler-heavy-rail.com\/wp-content\/uploads\/2024\/10\/PDF-Wagenpark-gesamt-24-10-24.pdf\" target=\"_blank\" rel=\"noreferrer noopener\">Wagenverzeichnis<\/a><a href=\"https:\/\/www.kuebler-heavy-rail.com\/wp-content\/uploads\/2024\/10\/PDF-Wagenpark-gesamt-24-10-24.pdf\" class=\"wp-block-file__button wp-element-button\" download aria-describedby=\"wp-block-file--media-2cb2cc0c-896d-476b-8c19-098a6f0da748\">Herunterladen<\/a><\/div>\n\n\n\n<div class=\"wp-block-file\"><a id=\"wp-block-file--media-0cfff03d-3d35-475d-b276-b8def8380515\" href=\"https:\/\/www.kuebler-heavy-rail.com\/wp-content\/uploads\/2024\/10\/Allgemeine-Leistungsbedingungen-KHR-20220701.pdf\" target=\"_blank\" rel=\"noreferrer noopener\">Allgemeine Leistungsbedingungen<\/a><a href=\"https:\/\/www.kuebler-heavy-rail.com\/wp-content\/uploads\/2024\/10\/Allgemeine-Leistungsbedingungen-KHR-20220701.pdf\" class=\"wp-block-file__button wp-element-button\" download aria-describedby=\"wp-block-file--media-0cfff03d-3d35-475d-b276-b8def8380515\">Herunterladen<\/a><\/div>\n\n\n\n<div class=\"wp-block-file\"><a id=\"wp-block-file--media-9123a24e-eabe-46a3-b413-4d651e7537e6\" href=\"https:\/\/www.kuebler-heavy-rail.com\/wp-content\/uploads\/2024\/10\/EVU_Genehmigung.pdf\" target=\"_blank\" rel=\"noreferrer noopener\">Genehmigung EVU<\/a><a href=\"https:\/\/www.kuebler-heavy-rail.com\/wp-content\/uploads\/2024\/10\/EVU_Genehmigung.pdf\" class=\"wp-block-file__button wp-element-button\" download aria-describedby=\"wp-block-file--media-9123a24e-eabe-46a3-b413-4d651e7537e6\">Herunterladen<\/a><\/div>\n\n\n\n<div class=\"wp-block-file\"><a id=\"wp-block-file--media-a51294ac-fc82-4b33-8e47-4dfa90cc3b2c\" href=\"https:\/\/www.kuebler-heavy-rail.com\/wp-content\/uploads\/2024\/10\/Sicherheitsbescheinigung.pdf\" target=\"_blank\" rel=\"noreferrer noopener\">Sicherheitsbescheinigung<\/a><a href=\"https:\/\/www.kuebler-heavy-rail.com\/wp-content\/uploads\/2024\/10\/Sicherheitsbescheinigung.pdf\" class=\"wp-block-file__button wp-element-button\" download aria-describedby=\"wp-block-file--media-a51294ac-fc82-4b33-8e47-4dfa90cc3b2c\">Herunterladen<\/a><\/div>\n\n\n\n<div class=\"wp-block-file\"><a id=\"wp-block-file--media-44e0049a-3a9e-4396-bbaf-47e1ac0685e2\" href=\"https:\/\/www.kuebler-heavy-rail.com\/wp-content\/uploads\/2024\/10\/ECM-_1_2023_1212.pdf\" target=\"_blank\" rel=\"noreferrer noopener\">Konformit\u00e4tsbescheinigung einer f\u00fcr die Instandhaltung zust\u00e4ndigen Stelle ECM<\/a><a href=\"https:\/\/www.kuebler-heavy-rail.com\/wp-content\/uploads\/2024\/10\/ECM-_1_2023_1212.pdf\" class=\"wp-block-file__button wp-element-button\" download aria-describedby=\"wp-block-file--media-44e0049a-3a9e-4396-bbaf-47e1ac0685e2\">Herunterladen<\/a><\/div>\n\n\n\n<div class=\"wp-block-file\"><a id=\"wp-block-file--media-a1974419-6f4e-404f-96cb-8575ba4ac27a\" href=\"https:\/\/www.kuebler-heavy-rail.com\/wp-content\/uploads\/2024\/10\/ECM-_234_2023_1212.pdf\" target=\"_blank\" rel=\"noreferrer noopener\">Konformit\u00e4tsbescheinigung f\u00fcr Instandhaltungsfunktionen ECM<\/a><a href=\"https:\/\/www.kuebler-heavy-rail.com\/wp-content\/uploads\/2024\/10\/ECM-_234_2023_1212.pdf\" class=\"wp-block-file__button wp-element-button\" download aria-describedby=\"wp-block-file--media-a1974419-6f4e-404f-96cb-8575ba4ac27a\">Herunterladen<\/a><\/div>\n\n\n\n<p><\/p>\n","protected":false},"excerpt":{"rendered":"<p>Hier finden Sie alle wichtigen Dokumente, Formulare und Verzeichnisse zum Download. Klicken Sie einfach auf den gew\u00fcnschten Link, um die Datei herunterzuladen. Sollte Ihnen ein [&hellip;]<\/p>\n","protected":false},"author":3,"featured_media":0,"parent":0,"menu_order":0,"comment_status":"closed","ping_status":"closed","template":"","meta":{"_uag_custom_page_level_css":"","site-sidebar-layout":"default","site-content-layout":"","ast-site-content-layout":"default","site-content-style":"default","site-sidebar-style":"default","ast-global-header-display":"","ast-banner-title-visibility":"","ast-main-header-display":"","ast-hfb-above-header-display":"","ast-hfb-below-header-display":"","ast-hfb-mobile-header-display":"","site-post-title":"","ast-breadcrumbs-content":"","ast-featured-img":"","footer-sml-layout":"","theme-transparent-header-meta":"","adv-header-id-meta":"","stick-header-meta":"","header-above-stick-meta":"","header-main-stick-meta":"","header-below-stick-meta":"","astra-migrate-meta-layouts":"set","ast-page-background-enabled":"default","ast-page-background-meta":{"desktop":{"background-color":"var(--ast-global-color-4)","background-image":"","background-repeat":"repeat","background-position":"center center","background-size":"auto","background-attachment":"scroll","background-type":"","background-media":"","overlay-type":"","overlay-color":"","overlay-opacity":"","overlay-gradient":""},"tablet":{"background-color":"","background-image":"","background-repeat":"repeat","background-position":"center center","background-size":"auto","background-attachment":"scroll","background-type":"","background-media":"","overlay-type":"","overlay-color":"","overlay-opacity":"","overlay-gradient":""},"mobile":{"background-color":"","background-image":"","background-repeat":"repeat","background-position":"center center","background-size":"auto","background-attachment":"scroll","background-type":"","background-media":"","overlay-type":"","overlay-color":"","overlay-opacity":"","overlay-gradient":""}},"ast-content-background-meta":{"desktop":{"background-color":"var(--ast-global-color-5)","background-image":"","background-repeat":"repeat","background-position":"center center","background-size":"auto","background-attachment":"scroll","background-type":"","background-media":"","overlay-type":"","overlay-color":"","overlay-opacity":"","overlay-gradient":""},"tablet":{"background-color":"var(--ast-global-color-5)","background-image":"","background-repeat":"repeat","background-position":"center center","background-size":"auto","background-attachment":"scroll","background-type":"","background-media":"","overlay-type":"","overlay-color":"","overlay-opacity":"","overlay-gradient":""},"mobile":{"background-color":"var(--ast-global-color-5)","background-image":"","background-repeat":"repeat","background-position":"center center","background-size":"auto","background-attachment":"scroll","background-type":"","background-media":"","overlay-type":"","overlay-color":"","overlay-opacity":"","overlay-gradient":""}},"footnotes":""},"class_list":["post-1280","page","type-page","status-publish","hentry"],"uagb_featured_image_src":{"full":false,"thumbnail":false,"medium":false,"medium_large":false,"large":false,"1536x1536":false,"2048x2048":false},"uagb_author_info":{"display_name":"Thorge Clever","author_link":"https:\/\/www.kuebler-heavy-rail.com\/?author=3"},"uagb_comment_info":0,"uagb_excerpt":"Hier finden Sie alle wichtigen Dokumente, Formulare und Verzeichnisse zum Download. Klicken Sie einfach auf den gew\u00fcnschten Link, um die Datei herunterzuladen. Sollte Ihnen ein [&hellip;]","_links":{"self":[{"href":"https:\/\/www.kuebler-heavy-rail.com\/index.php?rest_route=\/wp\/v2\/pages\/1280"}],"collection":[{"href":"https:\/\/www.kuebler-heavy-rail.com\/index.php?rest_route=\/wp\/v2\/pages"}],"about":[{"href":"https:\/\/www.kuebler-heavy-rail.com\/index.php?rest_route=\/wp\/v2\/types\/page"}],"author":[{"embeddable":true,"href":"https:\/\/www.kuebler-heavy-rail.com\/index.php?rest_route=\/wp\/v2\/users\/3"}],"replies":[{"embeddable":true,"href":"https:\/\/www.kuebler-heavy-rail.com\/index.php?rest_route=%2Fwp%2Fv2%2Fcomments&post=1280"}],"version-history":[{"count":7,"href":"https:\/\/www.kuebler-heavy-rail.com\/index.php?rest_route=\/wp\/v2\/pages\/1280\/revisions"}],"predecessor-version":[{"id":1967,"href":"https:\/\/www.kuebler-heavy-rail.com\/index.php?rest_route=\/wp\/v2\/pages\/1280\/revisions\/1967"}],"wp:attachment":[{"href":"https:\/\/www.kuebler-heavy-rail.com\/index.php?rest_route=%2Fwp%2Fv2%2Fmedia&parent=1280"}],"curies":[{"name":"wp","href":"https:\/\/api.w.org\/{rel}","templated":true}]}}