{"id":1134,"date":"2024-10-22T09:48:48","date_gmt":"2024-10-22T09:48:48","guid":{"rendered":"https:\/\/www.kuebler-heavy-rail.com\/?page_id=1134"},"modified":"2024-10-22T09:48:48","modified_gmt":"2024-10-22T09:48:48","slug":"geschaeftsfelder","status":"publish","type":"page","link":"https:\/\/www.kuebler-heavy-rail.com\/?page_id=1134","title":{"rendered":"Gesch\u00e4ftsfelder"},"content":{"rendered":"\n<figure class=\"wp-block-image aligncenter size-large\"><img loading=\"lazy\" decoding=\"async\" width=\"1024\" height=\"284\" src=\"https:\/\/www.kuebler-heavy-rail.com\/wp-content\/uploads\/2024\/10\/Titel-03-GeschA\u00a4ftsfelder-1024x284.jpg\" alt=\"\" class=\"wp-image-1135\" srcset=\"https:\/\/www.kuebler-heavy-rail.com\/wp-content\/uploads\/2024\/10\/Titel-03-GeschA\u00a4ftsfelder-1024x284.jpg 1024w, https:\/\/www.kuebler-heavy-rail.com\/wp-content\/uploads\/2024\/10\/Titel-03-GeschA\u00a4ftsfelder-300x83.jpg 300w, https:\/\/www.kuebler-heavy-rail.com\/wp-content\/uploads\/2024\/10\/Titel-03-GeschA\u00a4ftsfelder-768x213.jpg 768w, https:\/\/www.kuebler-heavy-rail.com\/wp-content\/uploads\/2024\/10\/Titel-03-GeschA\u00a4ftsfelder.jpg 1440w\" sizes=\"(max-width: 1024px) 100vw, 1024px\" \/><\/figure>\n\n\n\n<p class=\"has-medium-font-size\"><strong>Mehr als nur Transport<\/strong><\/p>\n\n\n\n<p><strong>K\u00fcbler Heavy Rail<\/strong> bietet umfassende L\u00f6sungen f\u00fcr Schwer- und Spezialtransporte auf der Schiene. Unser Portfolio umfasst:<\/p>\n\n\n\n<ul class=\"wp-block-list\">\n<li><strong>EVU Traktion f\u00fcr G\u00fcterz\u00fcge:<\/strong> Als zugelassenes Eisenbahnverkehrsunternehmen sorgen wir f\u00fcr zuverl\u00e4ssige Traktionsleistungen f\u00fcr alle G\u00fcterarten, von Standardfracht bis zu Schwerlasttransporten.<\/li>\n\n\n\n<li><strong>Planung von Ausnahmetransporten:<\/strong> Komplette Organisation f\u00fcr den Transport \u00fcberdimensionaler und schwerer G\u00fcter, inklusive Genehmigungen, Planung und Organsation.<\/li>\n\n\n\n<li><strong>Wagenvermietung:<\/strong> \u00dcber 100 Tiefladewagen auch zur reinen Vermietung f\u00fcr Ihre eigenen Transporte.<\/li>\n<\/ul>\n\n\n\n<p><strong>Kontaktieren Sie uns<\/strong>, um Ihre Transportanforderungen zu besprechen!<\/p>\n\n\n\n<figure class=\"wp-block-image aligncenter size-large\"><img loading=\"lazy\" decoding=\"async\" width=\"1024\" height=\"576\" src=\"https:\/\/www.kuebler-heavy-rail.com\/wp-content\/uploads\/2024\/10\/IMG_0227_inPixio-1024x576.jpg\" alt=\"\" class=\"wp-image-1137\" srcset=\"https:\/\/www.kuebler-heavy-rail.com\/wp-content\/uploads\/2024\/10\/IMG_0227_inPixio-1024x576.jpg 1024w, https:\/\/www.kuebler-heavy-rail.com\/wp-content\/uploads\/2024\/10\/IMG_0227_inPixio-300x169.jpg 300w, https:\/\/www.kuebler-heavy-rail.com\/wp-content\/uploads\/2024\/10\/IMG_0227_inPixio-768x432.jpg 768w, https:\/\/www.kuebler-heavy-rail.com\/wp-content\/uploads\/2024\/10\/IMG_0227_inPixio-1536x864.jpg 1536w, https:\/\/www.kuebler-heavy-rail.com\/wp-content\/uploads\/2024\/10\/IMG_0227_inPixio-2048x1152.jpg 2048w\" sizes=\"(max-width: 1024px) 100vw, 1024px\" \/><\/figure>\n","protected":false},"excerpt":{"rendered":"<p>Mehr als nur Transport K\u00fcbler Heavy Rail bietet umfassende L\u00f6sungen f\u00fcr Schwer- und Spezialtransporte auf der Schiene. Unser Portfolio umfasst: Kontaktieren Sie uns, um Ihre [&hellip;]<\/p>\n","protected":false},"author":3,"featured_media":0,"parent":0,"menu_order":0,"comment_status":"closed","ping_status":"closed","template":"","meta":{"_uag_custom_page_level_css":"","site-sidebar-layout":"default","site-content-layout":"","ast-site-content-layout":"default","site-content-style":"default","site-sidebar-style":"default","ast-global-header-display":"","ast-banner-title-visibility":"","ast-main-header-display":"","ast-hfb-above-header-display":"","ast-hfb-below-header-display":"","ast-hfb-mobile-header-display":"","site-post-title":"","ast-breadcrumbs-content":"","ast-featured-img":"","footer-sml-layout":"","theme-transparent-header-meta":"","adv-header-id-meta":"","stick-header-meta":"","header-above-stick-meta":"","header-main-stick-meta":"","header-below-stick-meta":"","astra-migrate-meta-layouts":"set","ast-page-background-enabled":"default","ast-page-background-meta":{"desktop":{"background-color":"var(--ast-global-color-4)","background-image":"","background-repeat":"repeat","background-position":"center center","background-size":"auto","background-attachment":"scroll","background-type":"","background-media":"","overlay-type":"","overlay-color":"","overlay-opacity":"","overlay-gradient":""},"tablet":{"background-color":"","background-image":"","background-repeat":"repeat","background-position":"center center","background-size":"auto","background-attachment":"scroll","background-type":"","background-media":"","overlay-type":"","overlay-color":"","overlay-opacity":"","overlay-gradient":""},"mobile":{"background-color":"","background-image":"","background-repeat":"repeat","background-position":"center center","background-size":"auto","background-attachment":"scroll","background-type":"","background-media":"","overlay-type":"","overlay-color":"","overlay-opacity":"","overlay-gradient":""}},"ast-content-background-meta":{"desktop":{"background-color":"var(--ast-global-color-5)","background-image":"","background-repeat":"repeat","background-position":"center center","background-size":"auto","background-attachment":"scroll","background-type":"","background-media":"","overlay-type":"","overlay-color":"","overlay-opacity":"","overlay-gradient":""},"tablet":{"background-color":"var(--ast-global-color-5)","background-image":"","background-repeat":"repeat","background-position":"center center","background-size":"auto","background-attachment":"scroll","background-type":"","background-media":"","overlay-type":"","overlay-color":"","overlay-opacity":"","overlay-gradient":""},"mobile":{"background-color":"var(--ast-global-color-5)","background-image":"","background-repeat":"repeat","background-position":"center center","background-size":"auto","background-attachment":"scroll","background-type":"","background-media":"","overlay-type":"","overlay-color":"","overlay-opacity":"","overlay-gradient":""}},"footnotes":""},"class_list":["post-1134","page","type-page","status-publish","hentry"],"uagb_featured_image_src":{"full":false,"thumbnail":false,"medium":false,"medium_large":false,"large":false,"1536x1536":false,"2048x2048":false},"uagb_author_info":{"display_name":"Thorge Clever","author_link":"https:\/\/www.kuebler-heavy-rail.com\/?author=3"},"uagb_comment_info":0,"uagb_excerpt":"Mehr als nur Transport K\u00fcbler Heavy Rail bietet umfassende L\u00f6sungen f\u00fcr Schwer- und Spezialtransporte auf der Schiene. Unser Portfolio umfasst: Kontaktieren Sie uns, um Ihre [&hellip;]","_links":{"self":[{"href":"https:\/\/www.kuebler-heavy-rail.com\/index.php?rest_route=\/wp\/v2\/pages\/1134"}],"collection":[{"href":"https:\/\/www.kuebler-heavy-rail.com\/index.php?rest_route=\/wp\/v2\/pages"}],"about":[{"href":"https:\/\/www.kuebler-heavy-rail.com\/index.php?rest_route=\/wp\/v2\/types\/page"}],"author":[{"embeddable":true,"href":"https:\/\/www.kuebler-heavy-rail.com\/index.php?rest_route=\/wp\/v2\/users\/3"}],"replies":[{"embeddable":true,"href":"https:\/\/www.kuebler-heavy-rail.com\/index.php?rest_route=%2Fwp%2Fv2%2Fcomments&post=1134"}],"version-history":[{"count":1,"href":"https:\/\/www.kuebler-heavy-rail.com\/index.php?rest_route=\/wp\/v2\/pages\/1134\/revisions"}],"predecessor-version":[{"id":1138,"href":"https:\/\/www.kuebler-heavy-rail.com\/index.php?rest_route=\/wp\/v2\/pages\/1134\/revisions\/1138"}],"wp:attachment":[{"href":"https:\/\/www.kuebler-heavy-rail.com\/index.php?rest_route=%2Fwp%2Fv2%2Fmedia&parent=1134"}],"curies":[{"name":"wp","href":"https:\/\/api.w.org\/{rel}","templated":true}]}}