{"id":1127,"date":"2024-10-22T11:19:34","date_gmt":"2024-10-22T11:19:34","guid":{"rendered":"https:\/\/www.kuebler-heavy-rail.com\/?page_id=1127"},"modified":"2024-10-22T11:20:09","modified_gmt":"2024-10-22T11:20:09","slug":"bauindustrie-infrastrukturausbau","status":"publish","type":"page","link":"https:\/\/www.kuebler-heavy-rail.com\/?page_id=1127","title":{"rendered":"Bauwirtschaft &#8211; Infrastrukturausbau"},"content":{"rendered":"\n<figure class=\"wp-block-image aligncenter size-large\"><img loading=\"lazy\" decoding=\"async\" width=\"1024\" height=\"285\" src=\"https:\/\/www.kuebler-heavy-rail.com\/wp-content\/uploads\/2024\/10\/Titel-023-Bauindustrie-1024x285.jpg\" alt=\"\" class=\"wp-image-1128\" srcset=\"https:\/\/www.kuebler-heavy-rail.com\/wp-content\/uploads\/2024\/10\/Titel-023-Bauindustrie-1024x285.jpg 1024w, https:\/\/www.kuebler-heavy-rail.com\/wp-content\/uploads\/2024\/10\/Titel-023-Bauindustrie-300x83.jpg 300w, https:\/\/www.kuebler-heavy-rail.com\/wp-content\/uploads\/2024\/10\/Titel-023-Bauindustrie-768x214.jpg 768w, https:\/\/www.kuebler-heavy-rail.com\/wp-content\/uploads\/2024\/10\/Titel-023-Bauindustrie-1536x427.jpg 1536w, https:\/\/www.kuebler-heavy-rail.com\/wp-content\/uploads\/2024\/10\/Titel-023-Bauindustrie-2048x570.jpg 2048w\" sizes=\"(max-width: 1024px) 100vw, 1024px\" \/><\/figure>\n\n\n\n<p class=\"has-medium-font-size\"><strong>K\u00fcbler Heavy Rail \u2013 Zuverl\u00e4ssiger Partner f\u00fcr den Bausektor<\/strong><\/p>\n\n\n\n<p>Mit \u00fcber 100 modernen Tiefladewagen und Flachwagen bietet K\u00fcbler Heavy Rail ma\u00dfgeschneiderte Transportl\u00f6sungen f\u00fcr die Bauwirtschaft. Ob Masseng\u00fcter oder Spezialger\u00e4te \u2013 wir sorgen daf\u00fcr, dass alles zuverl\u00e4ssig und effizient zur Baustelle gelangt. Vom Bohrger\u00e4t bis zur kompletten Br\u00fccke transportieren wir Ihre G\u00fcter sicher an den Bestimmungsort, auch auf anspruchsvollen Baustellen der Bahninfrastruktur.<\/p>\n\n\n\n<p>Wo die Schiene endet, \u00fcbernehmen unsere Stra\u00dfentransporte \u2013 f\u00fcr eine nahtlose Logistik und p\u00fcnktliche Versorgung. Verlassen Sie sich auf unsere langj\u00e4hrige Erfahrung und modernste Technik f\u00fcr den Transport Ihrer schweren und komplexen Lasten.<\/p>\n\n\n\n<p><strong>K\u00fcbler Heavy Rail \u2013 Ihre Baustelle. Unser Transport.<\/strong><\/p>\n\n\n\n<p><code><div id=\"envira-gallery-wrap-1616\" class=\"envira-gallery-wrap envira-gallery-theme-base envira-lightbox-theme-base\" itemscope itemtype=\"https:\/\/schema.org\/ImageGallery\"><div data-row-height=\"\" data-gallery-theme=\"\" id=\"envira-gallery-1616\" class=\"envira-gallery-public  envira-gallery-4-columns envira-clear enviratope envira-gallery-css-animations\" data-envira-columns=\"4\"><div id=\"envira-gallery-item-1617\" class=\"envira-gallery-item enviratope-item envira-gallery-item-1 envira-lazy-load\" style=\"padding-left: 5px; padding-bottom: 10px; padding-right: 5px;\"  itemscope itemtype=\"https:\/\/schema.org\/ImageObject\"><div class=\"envira-gallery-item-inner\"><div class=\"envira-gallery-position-overlay  envira-gallery-top-left\"><\/div><div class=\"envira-gallery-position-overlay  envira-gallery-top-right\"><\/div><div class=\"envira-gallery-position-overlay  envira-gallery-bottom-left\"><\/div><div class=\"envira-gallery-position-overlay  envira-gallery-bottom-right\"><\/div><a href=\"https:\/\/www.kuebler-heavy-rail.com\/wp-content\/uploads\/2024\/10\/732-Baumaschinen_inPixio-1-scaled.jpg\" class=\"envira-gallery-1616 envira-gallery-link\" rel=\"enviragallery1616\" title=\"\" data-envira-caption=\"\" data-envira-retina=\"\" data-thumbnail=\"\"  itemprop=\"contentUrl\"><div class=\"envira-lazy\" data-test-width=\"640\" data-test-height=\"480\" style=\"padding-bottom:75%;\"><img decoding=\"async\" id=\"envira-gallery-image-1617\" class=\"envira-gallery-image envira-gallery-image-1\" data-envira-index=\"1\" src=\"https:\/\/www.kuebler-heavy-rail.com\/wp-content\/uploads\/2024\/10\/732-Baumaschinen_inPixio-1-1024x576-640x480.jpg\" data-envira-src=\"https:\/\/www.kuebler-heavy-rail.com\/wp-content\/uploads\/2024\/10\/732-Baumaschinen_inPixio-1-1024x576-640x480.jpg\" data-envira-gallery-id=\"1616\" data-envira-item-id=\"1617\" data-envira-caption=\"\" alt=\"\" title=\"\"  itemprop=\"thumbnailUrl\" data-envira-srcset=\"https:\/\/www.kuebler-heavy-rail.com\/wp-content\/uploads\/2024\/10\/732-Baumaschinen_inPixio-1-1024x576-640x480.jpg 400w,https:\/\/www.kuebler-heavy-rail.com\/wp-content\/uploads\/2024\/10\/732-Baumaschinen_inPixio-1-1024x576-640x480.jpg 2x\" srcset=\"data:image\/gif;base64,R0lGODlhAQABAIAAAP\/\/\/\/\/\/\/yH5BAEKAAEALAAAAAABAAEAAAICTAEAOw==\" \/><\/div><\/a><\/div><\/div><div id=\"envira-gallery-item-1618\" class=\"envira-gallery-item enviratope-item envira-gallery-item-2 envira-lazy-load\" style=\"padding-left: 5px; padding-bottom: 10px; padding-right: 5px;\"  itemscope itemtype=\"https:\/\/schema.org\/ImageObject\"><div class=\"envira-gallery-item-inner\"><div class=\"envira-gallery-position-overlay  envira-gallery-top-left\"><\/div><div class=\"envira-gallery-position-overlay  envira-gallery-top-right\"><\/div><div class=\"envira-gallery-position-overlay  envira-gallery-bottom-left\"><\/div><div class=\"envira-gallery-position-overlay  envira-gallery-bottom-right\"><\/div><a href=\"https:\/\/www.kuebler-heavy-rail.com\/wp-content\/uploads\/2024\/10\/812-KA\u00b6ln-1_inPixio-1.jpg\" class=\"envira-gallery-1616 envira-gallery-link\" rel=\"enviragallery1616\" title=\"\" data-envira-caption=\"\" data-envira-retina=\"\" data-thumbnail=\"\"  itemprop=\"contentUrl\"><div class=\"envira-lazy\" data-test-width=\"640\" data-test-height=\"480\" style=\"padding-bottom:75%;\"><img decoding=\"async\" id=\"envira-gallery-image-1618\" class=\"envira-gallery-image envira-gallery-image-2\" data-envira-index=\"2\" src=\"https:\/\/www.kuebler-heavy-rail.com\/wp-content\/uploads\/2024\/10\/812-KA\u00b6ln-1_inPixio-1-1024x576-640x480.jpg\" data-envira-src=\"https:\/\/www.kuebler-heavy-rail.com\/wp-content\/uploads\/2024\/10\/812-KA\u00b6ln-1_inPixio-1-1024x576-640x480.jpg\" data-envira-gallery-id=\"1616\" data-envira-item-id=\"1618\" data-envira-caption=\"\" alt=\"\" title=\"\"  itemprop=\"thumbnailUrl\" data-envira-srcset=\"https:\/\/www.kuebler-heavy-rail.com\/wp-content\/uploads\/2024\/10\/812-KA\u00b6ln-1_inPixio-1-1024x576-640x480.jpg 400w,https:\/\/www.kuebler-heavy-rail.com\/wp-content\/uploads\/2024\/10\/812-KA\u00b6ln-1_inPixio-1-1024x576-640x480.jpg 2x\" srcset=\"data:image\/gif;base64,R0lGODlhAQABAIAAAP\/\/\/\/\/\/\/yH5BAEKAAEALAAAAAABAAEAAAICTAEAOw==\" \/><\/div><\/a><\/div><\/div><div id=\"envira-gallery-item-1619\" class=\"envira-gallery-item enviratope-item envira-gallery-item-3 envira-lazy-load\" style=\"padding-left: 5px; padding-bottom: 10px; padding-right: 5px;\"  itemscope itemtype=\"https:\/\/schema.org\/ImageObject\"><div class=\"envira-gallery-item-inner\"><div class=\"envira-gallery-position-overlay  envira-gallery-top-left\"><\/div><div class=\"envira-gallery-position-overlay  envira-gallery-top-right\"><\/div><div class=\"envira-gallery-position-overlay  envira-gallery-bottom-left\"><\/div><div class=\"envira-gallery-position-overlay  envira-gallery-bottom-right\"><\/div><a href=\"https:\/\/www.kuebler-heavy-rail.com\/wp-content\/uploads\/2024\/10\/Flachwagen-Pumpe_inPixio-1.jpg\" class=\"envira-gallery-1616 envira-gallery-link\" rel=\"enviragallery1616\" title=\"\" data-envira-caption=\"\" data-envira-retina=\"\" data-thumbnail=\"\"  itemprop=\"contentUrl\"><div class=\"envira-lazy\" data-test-width=\"640\" data-test-height=\"480\" style=\"padding-bottom:75%;\"><img decoding=\"async\" id=\"envira-gallery-image-1619\" class=\"envira-gallery-image envira-gallery-image-3\" data-envira-index=\"3\" src=\"https:\/\/www.kuebler-heavy-rail.com\/wp-content\/uploads\/2024\/10\/Flachwagen-Pumpe_inPixio-1-1024x576-640x480.jpg\" data-envira-src=\"https:\/\/www.kuebler-heavy-rail.com\/wp-content\/uploads\/2024\/10\/Flachwagen-Pumpe_inPixio-1-1024x576-640x480.jpg\" data-envira-gallery-id=\"1616\" data-envira-item-id=\"1619\" data-envira-caption=\"\" alt=\"\" title=\"\"  itemprop=\"thumbnailUrl\" data-envira-srcset=\"https:\/\/www.kuebler-heavy-rail.com\/wp-content\/uploads\/2024\/10\/Flachwagen-Pumpe_inPixio-1-1024x576-640x480.jpg 400w,https:\/\/www.kuebler-heavy-rail.com\/wp-content\/uploads\/2024\/10\/Flachwagen-Pumpe_inPixio-1-1024x576-640x480.jpg 2x\" srcset=\"data:image\/gif;base64,R0lGODlhAQABAIAAAP\/\/\/\/\/\/\/yH5BAEKAAEALAAAAAABAAEAAAICTAEAOw==\" \/><\/div><\/a><\/div><\/div><div id=\"envira-gallery-item-1843\" class=\"envira-gallery-item enviratope-item envira-gallery-item-4 envira-lazy-load\" style=\"padding-left: 5px; padding-bottom: 10px; padding-right: 5px;\"  itemscope itemtype=\"https:\/\/schema.org\/ImageObject\"><div class=\"envira-gallery-item-inner\"><div class=\"envira-gallery-position-overlay  envira-gallery-top-left\"><\/div><div class=\"envira-gallery-position-overlay  envira-gallery-top-right\"><\/div><div class=\"envira-gallery-position-overlay  envira-gallery-bottom-left\"><\/div><div class=\"envira-gallery-position-overlay  envira-gallery-bottom-right\"><\/div><a href=\"https:\/\/www.kuebler-heavy-rail.com\/wp-content\/uploads\/2024\/10\/IMG_0097a_inPixio-2-2-scaled.jpg\" class=\"envira-gallery-1616 envira-gallery-link\" rel=\"enviragallery1616\" title=\"\" data-envira-caption=\"\" data-envira-retina=\"\" data-thumbnail=\"\"  itemprop=\"contentUrl\"><div class=\"envira-lazy\" data-test-width=\"640\" data-test-height=\"480\" style=\"padding-bottom:75%;\"><img decoding=\"async\" id=\"envira-gallery-image-1843\" class=\"envira-gallery-image envira-gallery-image-4\" data-envira-index=\"4\" src=\"https:\/\/www.kuebler-heavy-rail.com\/wp-content\/uploads\/2024\/10\/IMG_0097a_inPixio-2-2-1024x576-640x480.jpg\" data-envira-src=\"https:\/\/www.kuebler-heavy-rail.com\/wp-content\/uploads\/2024\/10\/IMG_0097a_inPixio-2-2-1024x576-640x480.jpg\" data-envira-gallery-id=\"1616\" data-envira-item-id=\"1843\" data-envira-caption=\"\" alt=\"\" title=\"\"  itemprop=\"thumbnailUrl\" data-envira-srcset=\"https:\/\/www.kuebler-heavy-rail.com\/wp-content\/uploads\/2024\/10\/IMG_0097a_inPixio-2-2-1024x576-640x480.jpg 400w,https:\/\/www.kuebler-heavy-rail.com\/wp-content\/uploads\/2024\/10\/IMG_0097a_inPixio-2-2-1024x576-640x480.jpg 2x\" srcset=\"data:image\/gif;base64,R0lGODlhAQABAIAAAP\/\/\/\/\/\/\/yH5BAEKAAEALAAAAAABAAEAAAICTAEAOw==\" \/><\/div><\/a><\/div><\/div><\/div><\/div><noscript><img decoding=\"async\" src=\"https:\/\/www.kuebler-heavy-rail.com\/wp-content\/uploads\/2024\/10\/732-Baumaschinen_inPixio-1-scaled.jpg\" alt=\"\" \/><img decoding=\"async\" src=\"https:\/\/www.kuebler-heavy-rail.com\/wp-content\/uploads\/2024\/10\/812-KA\u00b6ln-1_inPixio-1.jpg\" alt=\"\" \/><img decoding=\"async\" src=\"https:\/\/www.kuebler-heavy-rail.com\/wp-content\/uploads\/2024\/10\/Flachwagen-Pumpe_inPixio-1.jpg\" alt=\"\" \/><img decoding=\"async\" src=\"https:\/\/www.kuebler-heavy-rail.com\/wp-content\/uploads\/2024\/10\/IMG_0097a_inPixio-2-2-scaled.jpg\" alt=\"\" \/><\/noscript><\/code><\/p>\n","protected":false},"excerpt":{"rendered":"<p>K\u00fcbler Heavy Rail \u2013 Zuverl\u00e4ssiger Partner f\u00fcr den Bausektor Mit \u00fcber 100 modernen Tiefladewagen und Flachwagen bietet K\u00fcbler Heavy Rail ma\u00dfgeschneiderte Transportl\u00f6sungen f\u00fcr die Bauwirtschaft. [&hellip;]<\/p>\n","protected":false},"author":3,"featured_media":0,"parent":0,"menu_order":0,"comment_status":"closed","ping_status":"closed","template":"","meta":{"_uag_custom_page_level_css":"","site-sidebar-layout":"default","site-content-layout":"","ast-site-content-layout":"default","site-content-style":"default","site-sidebar-style":"default","ast-global-header-display":"","ast-banner-title-visibility":"","ast-main-header-display":"","ast-hfb-above-header-display":"","ast-hfb-below-header-display":"","ast-hfb-mobile-header-display":"","site-post-title":"","ast-breadcrumbs-content":"","ast-featured-img":"","footer-sml-layout":"","theme-transparent-header-meta":"","adv-header-id-meta":"","stick-header-meta":"","header-above-stick-meta":"","header-main-stick-meta":"","header-below-stick-meta":"","astra-migrate-meta-layouts":"set","ast-page-background-enabled":"default","ast-page-background-meta":{"desktop":{"background-color":"var(--ast-global-color-4)","background-image":"","background-repeat":"repeat","background-position":"center center","background-size":"auto","background-attachment":"scroll","background-type":"","background-media":"","overlay-type":"","overlay-color":"","overlay-opacity":"","overlay-gradient":""},"tablet":{"background-color":"","background-image":"","background-repeat":"repeat","background-position":"center center","background-size":"auto","background-attachment":"scroll","background-type":"","background-media":"","overlay-type":"","overlay-color":"","overlay-opacity":"","overlay-gradient":""},"mobile":{"background-color":"","background-image":"","background-repeat":"repeat","background-position":"center center","background-size":"auto","background-attachment":"scroll","background-type":"","background-media":"","overlay-type":"","overlay-color":"","overlay-opacity":"","overlay-gradient":""}},"ast-content-background-meta":{"desktop":{"background-color":"var(--ast-global-color-5)","background-image":"","background-repeat":"repeat","background-position":"center center","background-size":"auto","background-attachment":"scroll","background-type":"","background-media":"","overlay-type":"","overlay-color":"","overlay-opacity":"","overlay-gradient":""},"tablet":{"background-color":"var(--ast-global-color-5)","background-image":"","background-repeat":"repeat","background-position":"center center","background-size":"auto","background-attachment":"scroll","background-type":"","background-media":"","overlay-type":"","overlay-color":"","overlay-opacity":"","overlay-gradient":""},"mobile":{"background-color":"var(--ast-global-color-5)","background-image":"","background-repeat":"repeat","background-position":"center center","background-size":"auto","background-attachment":"scroll","background-type":"","background-media":"","overlay-type":"","overlay-color":"","overlay-opacity":"","overlay-gradient":""}},"footnotes":""},"class_list":["post-1127","page","type-page","status-publish","hentry"],"uagb_featured_image_src":{"full":false,"thumbnail":false,"medium":false,"medium_large":false,"large":false,"1536x1536":false,"2048x2048":false},"uagb_author_info":{"display_name":"Thorge Clever","author_link":"https:\/\/www.kuebler-heavy-rail.com\/?author=3"},"uagb_comment_info":0,"uagb_excerpt":"K\u00fcbler Heavy Rail \u2013 Zuverl\u00e4ssiger Partner f\u00fcr den Bausektor Mit \u00fcber 100 modernen Tiefladewagen und Flachwagen bietet K\u00fcbler Heavy Rail ma\u00dfgeschneiderte Transportl\u00f6sungen f\u00fcr die Bauwirtschaft. [&hellip;]","_links":{"self":[{"href":"https:\/\/www.kuebler-heavy-rail.com\/index.php?rest_route=\/wp\/v2\/pages\/1127"}],"collection":[{"href":"https:\/\/www.kuebler-heavy-rail.com\/index.php?rest_route=\/wp\/v2\/pages"}],"about":[{"href":"https:\/\/www.kuebler-heavy-rail.com\/index.php?rest_route=\/wp\/v2\/types\/page"}],"author":[{"embeddable":true,"href":"https:\/\/www.kuebler-heavy-rail.com\/index.php?rest_route=\/wp\/v2\/users\/3"}],"replies":[{"embeddable":true,"href":"https:\/\/www.kuebler-heavy-rail.com\/index.php?rest_route=%2Fwp%2Fv2%2Fcomments&post=1127"}],"version-history":[{"count":3,"href":"https:\/\/www.kuebler-heavy-rail.com\/index.php?rest_route=\/wp\/v2\/pages\/1127\/revisions"}],"predecessor-version":[{"id":1809,"href":"https:\/\/www.kuebler-heavy-rail.com\/index.php?rest_route=\/wp\/v2\/pages\/1127\/revisions\/1809"}],"wp:attachment":[{"href":"https:\/\/www.kuebler-heavy-rail.com\/index.php?rest_route=%2Fwp%2Fv2%2Fmedia&parent=1127"}],"curies":[{"name":"wp","href":"https:\/\/api.w.org\/{rel}","templated":true}]}}